{"id":1727,"date":"2023-12-06T11:19:50","date_gmt":"2023-12-06T10:19:50","guid":{"rendered":"https:\/\/sotex.net.pl\/?page_id=1727"},"modified":"2023-12-08T11:45:43","modified_gmt":"2023-12-08T10:45:43","slug":"nasi-dostawcy","status":"publish","type":"page","link":"https:\/\/sotex.net.pl\/?page_id=1727","title":{"rendered":"Nasi dostawcy"},"content":{"rendered":"<style>.kb-row-layout-id1727_e64a5d-31 > .kt-row-column-wrap{align-content:start;}:where(.kb-row-layout-id1727_e64a5d-31 > .kt-row-column-wrap) > .wp-block-kadence-column{justify-content:start;}.kb-row-layout-id1727_e64a5d-31 > .kt-row-column-wrap{column-gap:var(--global-kb-gap-md, 2rem);row-gap:var(--global-kb-gap-md, 2rem);grid-template-columns:minmax(0, 1fr);}.kb-row-layout-id1727_e64a5d-31 > .kt-row-layout-overlay{opacity:0.30;}@media all and (max-width: 1024px){.kb-row-layout-id1727_e64a5d-31 > .kt-row-column-wrap{grid-template-columns:minmax(0, 1fr);}}@media all and (max-width: 767px){.kb-row-layout-id1727_e64a5d-31 > .kt-row-column-wrap{grid-template-columns:minmax(0, 1fr);}}<\/style><div class=\"kb-row-layout-wrap kb-row-layout-id1727_e64a5d-31 alignfull has-theme-palette9-background-color kt-row-has-bg wp-block-kadence-rowlayout\"><div class=\"kt-row-column-wrap kt-has-1-columns kt-row-layout-equal kt-tab-layout-inherit kt-mobile-layout-row kt-row-valign-top\">\n<style>.kadence-column1727_542dee-f7 > .kt-inside-inner-col{display:flex;}.kadence-column1727_542dee-f7 > .kt-inside-inner-col{padding-top:var(--global-kb-spacing-4xl, 8rem);padding-bottom:0px;}.kadence-column1727_542dee-f7 > .kt-inside-inner-col,.kadence-column1727_542dee-f7 > .kt-inside-inner-col:before{border-top-left-radius:0px;border-top-right-radius:0px;border-bottom-right-radius:0px;border-bottom-left-radius:0px;}.kadence-column1727_542dee-f7 > .kt-inside-inner-col{column-gap:var(--global-kb-gap-sm, 1rem);}.kadence-column1727_542dee-f7 > .kt-inside-inner-col{flex-direction:column;align-items:center;}.kadence-column1727_542dee-f7 > .kt-inside-inner-col > .kb-image-is-ratio-size{align-self:stretch;}.kadence-column1727_542dee-f7 > .kt-inside-inner-col > .wp-block-kadence-advancedgallery{align-self:stretch;}.kadence-column1727_542dee-f7 > .kt-inside-inner-col > .aligncenter{width:100%;}.kadence-column1727_542dee-f7 > .kt-inside-inner-col{background-color:rgba(151, 179, 152, 0.23);background-image:url('https:\/\/sotex.net.pl\/wp-content\/uploads\/2021\/12\/pexels-aleksandar-pasaric-13213712.jpg');background-size:cover;background-position:55.00000000000001% 77%;background-attachment:fixed;background-repeat:no-repeat;}.kadence-column1727_542dee-f7 > .kt-inside-inner-col:before{opacity:0.29;background-color:rgba(120,152,106,0.28);}.kadence-column1727_542dee-f7{text-align:left;}.kadence-column1727_542dee-f7{position:relative;}@media all and (max-width: 1024px), only screen and (min-device-width: 1024px) and (max-device-width: 1366px) and (-webkit-min-device-pixel-ratio: 2) and (hover: none){.kadence-column1727_542dee-f7 > .kt-inside-inner-col{background-attachment:scroll;}}@media all and (max-width: 1024px){.kadence-column1727_542dee-f7 > .kt-inside-inner-col{flex-direction:column;justify-content:center;align-items:center;}}@media all and (max-width: 767px){.kadence-column1727_542dee-f7 > .kt-inside-inner-col{flex-direction:column;justify-content:center;align-items:center;}}<\/style>\n<div class=\"wp-block-kadence-column kadence-column1727_542dee-f7 kb-section-has-overlay kb-section-dir-vertical inner-column-1\"><div class=\"kt-inside-inner-col\"><style>.kb-image1727_e1f23f-75.kb-image-is-ratio-size, .kb-image1727_e1f23f-75 .kb-image-is-ratio-size{max-width:411px;width:100%;}.wp-block-kadence-column > .kt-inside-inner-col > .kb-image1727_e1f23f-75.kb-image-is-ratio-size, .wp-block-kadence-column > .kt-inside-inner-col > .kb-image1727_e1f23f-75 .kb-image-is-ratio-size{align-self:unset;}.kb-image1727_e1f23f-75 figure{max-width:411px;}.kb-image1727_e1f23f-75 .image-is-svg, .kb-image1727_e1f23f-75 .image-is-svg img{width:100%;}.kb-image1727_e1f23f-75 .kb-image-has-overlay:after{opacity:0.3;}<\/style>\n<div class=\"wp-block-kadence-image kb-image1727_e1f23f-75\"><figure class=\"aligncenter size-large\"><img loading=\"lazy\" decoding=\"async\" width=\"1024\" height=\"409\" src=\"https:\/\/sotex.net.pl\/wp-content\/uploads\/2023\/11\/cropped-SOTEX-logo-1024x409.png\" alt=\"\" class=\"kb-img wp-image-1412\" srcset=\"https:\/\/sotex.net.pl\/wp-content\/uploads\/2023\/11\/cropped-SOTEX-logo-1024x409.png 1024w, https:\/\/sotex.net.pl\/wp-content\/uploads\/2023\/11\/cropped-SOTEX-logo-600x240.png 600w, https:\/\/sotex.net.pl\/wp-content\/uploads\/2023\/11\/cropped-SOTEX-logo-300x120.png 300w, https:\/\/sotex.net.pl\/wp-content\/uploads\/2023\/11\/cropped-SOTEX-logo-768x307.png 768w, https:\/\/sotex.net.pl\/wp-content\/uploads\/2023\/11\/cropped-SOTEX-logo-1536x614.png 1536w, https:\/\/sotex.net.pl\/wp-content\/uploads\/2023\/11\/cropped-SOTEX-logo.png 1919w\" sizes=\"auto, (max-width: 1024px) 100vw, 1024px\" \/><\/figure><\/div>\n\n\n<style>.wp-block-kadence-advancedheading.kt-adv-heading1727_561111-96, .wp-block-kadence-advancedheading.kt-adv-heading1727_561111-96[data-kb-block=\"kb-adv-heading1727_561111-96\"]{padding-top:0px;padding-bottom:0px;text-align:center;font-style:normal;color:#383b34;}.wp-block-kadence-advancedheading.kt-adv-heading1727_561111-96 mark.kt-highlight, .wp-block-kadence-advancedheading.kt-adv-heading1727_561111-96[data-kb-block=\"kb-adv-heading1727_561111-96\"] mark.kt-highlight{font-style:normal;color:#f76a0c;-webkit-box-decoration-break:clone;box-decoration-break:clone;padding-top:0px;padding-right:0px;padding-bottom:0px;padding-left:0px;}.wp-block-kadence-advancedheading.kt-adv-heading1727_561111-96 img.kb-inline-image, .wp-block-kadence-advancedheading.kt-adv-heading1727_561111-96[data-kb-block=\"kb-adv-heading1727_561111-96\"] img.kb-inline-image{width:150px;vertical-align:baseline;}<\/style>\n<h2 class=\"kt-adv-heading1727_561111-96 wp-block-kadence-advancedheading\" data-kb-block=\"kb-adv-heading1727_561111-96\"><strong>Nasi dostawcy to renomowane firmy o uznanej pozycji na rynku:<\/strong><\/h2>\n\n\n<style>.kb-row-layout-id1727_25ebca-9e > .kt-row-column-wrap{align-content:start;}:where(.kb-row-layout-id1727_25ebca-9e > .kt-row-column-wrap) > .wp-block-kadence-column{justify-content:start;}.kb-row-layout-id1727_25ebca-9e > .kt-row-column-wrap{column-gap:var(--global-kb-gap-md, 2rem);row-gap:var(--global-kb-gap-md, 2rem);max-width:800px;margin-left:auto;margin-right:auto;padding-top:var(--global-kb-spacing-sm, 1.5rem);padding-bottom:var(--global-kb-spacing-md, 2rem);grid-template-columns:minmax(0, 1fr);}.kb-row-layout-id1727_25ebca-9e > .kt-row-layout-overlay{opacity:0.17;}@media all and (max-width: 1024px){.kb-row-layout-id1727_25ebca-9e > .kt-row-column-wrap{grid-template-columns:minmax(0, 1fr);}}@media all and (max-width: 767px){.kb-row-layout-id1727_25ebca-9e > .kt-row-column-wrap{grid-template-columns:minmax(0, 1fr);}}<\/style><div class=\"kb-row-layout-wrap kb-row-layout-id1727_25ebca-9e alignnone wp-block-kadence-rowlayout\"><div class=\"kt-row-column-wrap kt-has-1-columns kt-row-layout-equal kt-tab-layout-inherit kt-mobile-layout-row kt-row-valign-top\">\n<style>.kadence-column1727_23156c-04 > .kt-inside-inner-col,.kadence-column1727_23156c-04 > .kt-inside-inner-col:before{border-top-left-radius:0px;border-top-right-radius:0px;border-bottom-right-radius:0px;border-bottom-left-radius:0px;}.kadence-column1727_23156c-04 > .kt-inside-inner-col{column-gap:var(--global-kb-gap-sm, 1rem);}.kadence-column1727_23156c-04 > .kt-inside-inner-col{flex-direction:column;}.kadence-column1727_23156c-04 > .kt-inside-inner-col > .aligncenter{width:100%;}.kadence-column1727_23156c-04 > .kt-inside-inner-col:before{opacity:0.3;}.kadence-column1727_23156c-04{position:relative;}@media all and (max-width: 1024px){.kadence-column1727_23156c-04 > .kt-inside-inner-col{flex-direction:column;justify-content:center;}}@media all and (max-width: 767px){.kadence-column1727_23156c-04 > .kt-inside-inner-col{flex-direction:column;justify-content:center;}}<\/style>\n<div class=\"wp-block-kadence-column kadence-column1727_23156c-04\"><div class=\"kt-inside-inner-col\">\n<p class=\"has-theme-palette-2-color has-text-color has-link-color wp-elements-c5372b1df4e2c94215f392fed85a48af\"><br><strong>TENAX<\/strong> &#8211; <em>Ekspert w dziedzinie tworzyw sztucznych, oferuj\u0105cy warto\u015bciowe produkty i us\u0142ugi.<\/em><\/p>\n\n\n\n<p class=\"has-theme-palette-2-color has-text-color has-link-color wp-elements-4a58648b6cc4d7375a9a892d1a9d6ee5\"><strong>Expo-Net<\/strong> &#8211; <em>Oferuje ponad 60-letnie do\u015bwiadczenie w dziedzinie zaawansowanej technologicznie produkcji siatek opakowaniowych oraz sytemu rozs\u0105czania wody deszczowej w postaci kostek Bio-Blok.<\/em><\/p>\n\n\n\n<p><strong>Hunter<\/strong> &#8211; <em>Oferuje wiod\u0105ce w bran\u017cy energooszcz\u0119dne i wodooszcz\u0119dne rozwi\u0105zania z zakresu nawadniania budynk\u00f3w mieszkalnych i komercyjnych.<\/em><\/p>\n\n\n\n<p><strong>Rain Bird<\/strong> &#8211; <em>Producent i dostawca produkt\u00f3w i us\u0142ug do nawadniania. Oferuje asortyment produkt\u00f3w do nawadniania dla gospodarstw domowych i rolnych.<\/em><\/p>\n\n\n\n<p><strong>Oase<\/strong> &#8211; <em>Tw\u00f3rcy fascynuj\u0105cych scen wodnych w ogrodach i profesjonalnych technologii fontannowych.<\/em><\/p>\n\n\n\n<p><strong>ICL<\/strong> &#8211; <em>Dostawca nasion traw, nawoz\u00f3w oraz innowacyjnych siewnik\u00f3w.<\/em><\/p>\n\n\n\n<p><strong>KIEPENKERL<\/strong><em>&#8211;<strong>Bruno Nebelung<\/strong> &#8211;  Producent niemieckich nasion traw oraz mieszanek \u0142\u0105k kwietnych.<\/em><\/p>\n\n\n\n<p><strong>Inovgreen<\/strong> &#8211; <em>Producent ekologicznego systemu stabilizacji gruntu zwanego eko krat\u0105 trawnikow\u0105.<\/em><\/p>\n\n\n\n<p><strong>Bellissa<\/strong> &#8211; <em>Oferuje metalowe obrze\u017ca trawnikowe i kwiatowe oraz gabiony ogrodowe.<\/em><\/p>\n\n\n\n<p><\/p>\n<\/div><\/div>\n\n<\/div><\/div>\n\n<style>.kb-image1727_490722-11.kb-image-is-ratio-size, .kb-image1727_490722-11 .kb-image-is-ratio-size{max-width:481px;width:100%;}.wp-block-kadence-column > .kt-inside-inner-col > .kb-image1727_490722-11.kb-image-is-ratio-size, .wp-block-kadence-column > .kt-inside-inner-col > .kb-image1727_490722-11 .kb-image-is-ratio-size{align-self:unset;}.kb-image1727_490722-11 figure{max-width:481px;}.kb-image1727_490722-11 .image-is-svg, .kb-image1727_490722-11 .image-is-svg img{width:100%;}.kb-image1727_490722-11:not(.kb-image-is-ratio-size) .kb-img, .kb-image1727_490722-11.kb-image-is-ratio-size{padding-top:0px;}.kb-image1727_490722-11 .kb-image-has-overlay:after{opacity:0.3;border-top-left-radius:10px;border-top-right-radius:10px;border-bottom-right-radius:10px;border-bottom-left-radius:10px;}.kb-image1727_490722-11 img.kb-img, .kb-image1727_490722-11 .kb-img img{border-top:1px solid;border-right:1px solid;border-bottom:1px solid;border-left:1px solid;background-color:rgba(255,255,255,0.67);border-top-left-radius:10px;border-top-right-radius:10px;border-bottom-right-radius:10px;border-bottom-left-radius:10px;box-shadow:0px 0px 14px 0px rgba(0, 0, 0, 0.2);filter:drop-shadow(0px 0px 14px rgba(0, 0, 0, 0.2));}@media all and (max-width: 1024px){.kb-image1727_490722-11 img.kb-img, .kb-image1727_490722-11 .kb-img img{border-top:1px solid;border-right:1px solid;border-bottom:1px solid;border-left:1px solid;}}@media all and (max-width: 767px){.kb-image1727_490722-11 img.kb-img, .kb-image1727_490722-11 .kb-img img{border-top:1px solid;border-right:1px solid;border-bottom:1px solid;border-left:1px solid;}}<\/style>\n<div class=\"wp-block-kadence-image kb-image1727_490722-11\"><figure class=\"aligncenter size-large\"><img loading=\"lazy\" decoding=\"async\" width=\"1024\" height=\"247\" src=\"https:\/\/sotex.net.pl\/wp-content\/uploads\/2023\/12\/loga-1024x247.jpg\" alt=\"\" class=\"kb-img wp-image-1712\" srcset=\"https:\/\/sotex.net.pl\/wp-content\/uploads\/2023\/12\/loga-1024x247.jpg 1024w, https:\/\/sotex.net.pl\/wp-content\/uploads\/2023\/12\/loga-300x72.jpg 300w, https:\/\/sotex.net.pl\/wp-content\/uploads\/2023\/12\/loga-768x185.jpg 768w, https:\/\/sotex.net.pl\/wp-content\/uploads\/2023\/12\/loga-1536x370.jpg 1536w, https:\/\/sotex.net.pl\/wp-content\/uploads\/2023\/12\/loga-2048x493.jpg 2048w\" sizes=\"auto, (max-width: 1024px) 100vw, 1024px\" \/><\/figure><\/div>\n\n\n<style>.kb-image1727_4149aa-fe.kb-image-is-ratio-size, .kb-image1727_4149aa-fe .kb-image-is-ratio-size{max-width:331px;width:100%;}.wp-block-kadence-column > .kt-inside-inner-col > .kb-image1727_4149aa-fe.kb-image-is-ratio-size, .wp-block-kadence-column > .kt-inside-inner-col > .kb-image1727_4149aa-fe .kb-image-is-ratio-size{align-self:unset;}.kb-image1727_4149aa-fe figure{max-width:331px;}.kb-image1727_4149aa-fe .image-is-svg, .kb-image1727_4149aa-fe .image-is-svg img{width:100%;}.kb-image1727_4149aa-fe .kb-image-has-overlay:after{opacity:0.3;}<\/style>\n<div class=\"wp-block-kadence-image kb-image1727_4149aa-fe\"><figure class=\"aligncenter size-large\"><img loading=\"lazy\" decoding=\"async\" width=\"1024\" height=\"409\" src=\"https:\/\/sotex.net.pl\/wp-content\/uploads\/2023\/11\/cropped-SOTEX-logo-1024x409.png\" alt=\"\" class=\"kb-img wp-image-1412\" srcset=\"https:\/\/sotex.net.pl\/wp-content\/uploads\/2023\/11\/cropped-SOTEX-logo-1024x409.png 1024w, https:\/\/sotex.net.pl\/wp-content\/uploads\/2023\/11\/cropped-SOTEX-logo-600x240.png 600w, https:\/\/sotex.net.pl\/wp-content\/uploads\/2023\/11\/cropped-SOTEX-logo-300x120.png 300w, https:\/\/sotex.net.pl\/wp-content\/uploads\/2023\/11\/cropped-SOTEX-logo-768x307.png 768w, https:\/\/sotex.net.pl\/wp-content\/uploads\/2023\/11\/cropped-SOTEX-logo-1536x614.png 1536w, https:\/\/sotex.net.pl\/wp-content\/uploads\/2023\/11\/cropped-SOTEX-logo.png 1919w\" sizes=\"auto, (max-width: 1024px) 100vw, 1024px\" \/><\/figure><\/div>\n\n\n<style>.wp-block-kadence-advancedheading.kt-adv-heading1727_6e75a2-94, .wp-block-kadence-advancedheading.kt-adv-heading1727_6e75a2-94[data-kb-block=\"kb-adv-heading1727_6e75a2-94\"]{text-align:center;font-style:normal;}.wp-block-kadence-advancedheading.kt-adv-heading1727_6e75a2-94 mark.kt-highlight, .wp-block-kadence-advancedheading.kt-adv-heading1727_6e75a2-94[data-kb-block=\"kb-adv-heading1727_6e75a2-94\"] mark.kt-highlight{font-style:normal;color:#f76a0c;-webkit-box-decoration-break:clone;box-decoration-break:clone;padding-top:0px;padding-right:0px;padding-bottom:0px;padding-left:0px;}.wp-block-kadence-advancedheading.kt-adv-heading1727_6e75a2-94 img.kb-inline-image, .wp-block-kadence-advancedheading.kt-adv-heading1727_6e75a2-94[data-kb-block=\"kb-adv-heading1727_6e75a2-94\"] img.kb-inline-image{width:150px;vertical-align:baseline;}<\/style>\n<h3 class=\"kt-adv-heading1727_6e75a2-94 wp-block-kadence-advancedheading has-theme-palette-2-color has-text-color\" data-kb-block=\"kb-adv-heading1727_6e75a2-94\">Zaufali\u015bmy renomowanym markom, takim jak <br>TENAX, Expo-Net, Hunter, Rain Bird, Oase, ICL, <br>Bruno Nebelung, Inovgreen i Bellissa. <br>To dla nas gwarancja jako\u015bci, innowacji <br>i kompleksowych rozwi\u0105za\u0144, <br>dzi\u0119ki kt\u00f3rym spe\u0142niamy oczekiwania naszych klient\u00f3w.<br>Produkty tych firm dost\u0119pne w naszym sklepie.<\/h3>\n\n\n<style>.wp-block-kadence-advancedbtn.kb-btns1727_2f5afe-d8{gap:var(--global-kb-gap-xs, 0.5rem );justify-content:center;align-items:center;}.kt-btns1727_2f5afe-d8 .kt-button{font-weight:normal;font-style:normal;}.kt-btns1727_2f5afe-d8 .kt-btn-wrap-0{margin-right:5px;}.wp-block-kadence-advancedbtn.kt-btns1727_2f5afe-d8 .kt-btn-wrap-0 .kt-button{color:#555555;border-color:#555555;}.wp-block-kadence-advancedbtn.kt-btns1727_2f5afe-d8 .kt-btn-wrap-0 .kt-button:hover, .wp-block-kadence-advancedbtn.kt-btns1727_2f5afe-d8 .kt-btn-wrap-0 .kt-button:focus{color:#ffffff;border-color:#444444;}.wp-block-kadence-advancedbtn.kt-btns1727_2f5afe-d8 .kt-btn-wrap-0 .kt-button::before{display:none;}.wp-block-kadence-advancedbtn.kt-btns1727_2f5afe-d8 .kt-btn-wrap-0 .kt-button:hover, .wp-block-kadence-advancedbtn.kt-btns1727_2f5afe-d8 .kt-btn-wrap-0 .kt-button:focus{background:#444444;}<\/style>\n<div class=\"wp-block-kadence-advancedbtn kb-buttons-wrap kb-btns1727_2f5afe-d8\"><style>ul.menu .wp-block-kadence-advancedbtn .kb-btn1727_92d5d0-fc.kb-button{width:initial;}<\/style><a class=\"kb-button kt-button button kb-btn1727_92d5d0-fc kt-btn-size-standard kt-btn-width-type-auto kb-btn-global-fill  kt-btn-has-text-true kt-btn-has-svg-false  wp-block-kadence-singlebtn\" href=\"https:\/\/sklep.sotex.net.pl\/\"><span class=\"kt-btn-inner-text\">Sklep<\/span><\/a><\/div>\n\n\n\n<p><\/p>\n<\/div><\/div>\n\n<\/div><\/div>","protected":false},"excerpt":{"rendered":"<p>Nasi dostawcy to renomowane firmy o uznanej pozycji na rynku: TENAX &#8211; Ekspert w dziedzinie tworzyw sztucznych, oferuj\u0105cy warto\u015bciowe produkty i us\u0142ugi. Expo-Net &#8211; Oferuje ponad 60-letnie do\u015bwiadczenie w dziedzinie zaawansowanej technologicznie produkcji siatek opakowaniowych oraz sytemu rozs\u0105czania wody deszczowej w postaci kostek Bio-Blok. Hunter &#8211; Oferuje wiod\u0105ce w bran\u017cy energooszcz\u0119dne i wodooszcz\u0119dne rozwi\u0105zania z&#8230;<\/p>\n","protected":false},"author":2,"featured_media":0,"parent":0,"menu_order":0,"comment_status":"closed","ping_status":"closed","template":"","meta":{"_kadence_starter_templates_imported_post":false,"_kad_post_transparent":"default","_kad_post_title":"hide","_kad_post_layout":"fullwidth","_kad_post_sidebar_id":"","_kad_post_content_style":"","_kad_post_vertical_padding":"top","_kad_post_feature":"","_kad_post_feature_position":"","_kad_post_header":false,"_kad_post_footer":false,"footnotes":""},"class_list":["post-1727","page","type-page","status-publish","hentry"],"yoast_head":"<!-- This site is optimized with the Yoast SEO plugin v27.4 - https:\/\/yoast.com\/product\/yoast-seo-wordpress\/ -->\n<title>Nasi dostawcy - Sotex<\/title>\n<meta name=\"robots\" content=\"index, follow, max-snippet:-1, max-image-preview:large, max-video-preview:-1\" \/>\n<link rel=\"canonical\" href=\"https:\/\/sotex.net.pl\/?page_id=1727\" \/>\n<meta property=\"og:locale\" content=\"pl_PL\" \/>\n<meta property=\"og:type\" content=\"article\" \/>\n<meta property=\"og:title\" content=\"Nasi dostawcy - Sotex\" \/>\n<meta property=\"og:description\" content=\"Nasi dostawcy to renomowane firmy o uznanej pozycji na rynku: TENAX &#8211; Ekspert w dziedzinie tworzyw sztucznych, oferuj\u0105cy warto\u015bciowe produkty i us\u0142ugi. Expo-Net &#8211; Oferuje ponad 60-letnie do\u015bwiadczenie w dziedzinie zaawansowanej technologicznie produkcji siatek opakowaniowych oraz sytemu rozs\u0105czania wody deszczowej w postaci kostek Bio-Blok. Hunter &#8211; Oferuje wiod\u0105ce w bran\u017cy energooszcz\u0119dne i wodooszcz\u0119dne rozwi\u0105zania z...\" \/>\n<meta property=\"og:url\" content=\"https:\/\/sotex.net.pl\/?page_id=1727\" \/>\n<meta property=\"og:site_name\" content=\"Sotex\" \/>\n<meta property=\"article:publisher\" content=\"https:\/\/www.facebook.com\/sotexhurtownia\" \/>\n<meta property=\"article:modified_time\" content=\"2023-12-08T10:45:43+00:00\" \/>\n<meta property=\"og:image\" content=\"https:\/\/sotex.net.pl\/wp-content\/uploads\/2023\/11\/cropped-SOTEX-logo-1024x409.png\" \/>\n<meta name=\"twitter:card\" content=\"summary_large_image\" \/>\n<meta name=\"twitter:label1\" content=\"Szacowany czas czytania\" \/>\n\t<meta name=\"twitter:data1\" content=\"1 minuta\" \/>\n<script type=\"application\/ld+json\" class=\"yoast-schema-graph\">{\"@context\":\"https:\\\/\\\/schema.org\",\"@graph\":[{\"@type\":\"WebPage\",\"@id\":\"https:\\\/\\\/sotex.net.pl\\\/?page_id=1727\",\"url\":\"https:\\\/\\\/sotex.net.pl\\\/?page_id=1727\",\"name\":\"Nasi dostawcy - Sotex\",\"isPartOf\":{\"@id\":\"https:\\\/\\\/sotex.net.pl\\\/#website\"},\"primaryImageOfPage\":{\"@id\":\"https:\\\/\\\/sotex.net.pl\\\/?page_id=1727#primaryimage\"},\"image\":{\"@id\":\"https:\\\/\\\/sotex.net.pl\\\/?page_id=1727#primaryimage\"},\"thumbnailUrl\":\"https:\\\/\\\/sotex.net.pl\\\/wp-content\\\/uploads\\\/2023\\\/11\\\/cropped-SOTEX-logo-1024x409.png\",\"datePublished\":\"2023-12-06T10:19:50+00:00\",\"dateModified\":\"2023-12-08T10:45:43+00:00\",\"breadcrumb\":{\"@id\":\"https:\\\/\\\/sotex.net.pl\\\/?page_id=1727#breadcrumb\"},\"inLanguage\":\"pl-PL\",\"potentialAction\":[{\"@type\":\"ReadAction\",\"target\":[\"https:\\\/\\\/sotex.net.pl\\\/?page_id=1727\"]}]},{\"@type\":\"ImageObject\",\"inLanguage\":\"pl-PL\",\"@id\":\"https:\\\/\\\/sotex.net.pl\\\/?page_id=1727#primaryimage\",\"url\":\"https:\\\/\\\/sotex.net.pl\\\/wp-content\\\/uploads\\\/2023\\\/11\\\/cropped-SOTEX-logo.png\",\"contentUrl\":\"https:\\\/\\\/sotex.net.pl\\\/wp-content\\\/uploads\\\/2023\\\/11\\\/cropped-SOTEX-logo.png\",\"width\":1919,\"height\":767},{\"@type\":\"BreadcrumbList\",\"@id\":\"https:\\\/\\\/sotex.net.pl\\\/?page_id=1727#breadcrumb\",\"itemListElement\":[{\"@type\":\"ListItem\",\"position\":1,\"name\":\"Strona g\u0142\u00f3wna\",\"item\":\"https:\\\/\\\/sotex.net.pl\\\/\"},{\"@type\":\"ListItem\",\"position\":2,\"name\":\"Nasi dostawcy\"}]},{\"@type\":\"WebSite\",\"@id\":\"https:\\\/\\\/sotex.net.pl\\\/#website\",\"url\":\"https:\\\/\\\/sotex.net.pl\\\/\",\"name\":\"Sotex\",\"description\":\"\",\"publisher\":{\"@id\":\"https:\\\/\\\/sotex.net.pl\\\/#organization\"},\"potentialAction\":[{\"@type\":\"SearchAction\",\"target\":{\"@type\":\"EntryPoint\",\"urlTemplate\":\"https:\\\/\\\/sotex.net.pl\\\/?s={search_term_string}\"},\"query-input\":{\"@type\":\"PropertyValueSpecification\",\"valueRequired\":true,\"valueName\":\"search_term_string\"}}],\"inLanguage\":\"pl-PL\"},{\"@type\":\"Organization\",\"@id\":\"https:\\\/\\\/sotex.net.pl\\\/#organization\",\"name\":\"Sotex\",\"url\":\"https:\\\/\\\/sotex.net.pl\\\/\",\"logo\":{\"@type\":\"ImageObject\",\"inLanguage\":\"pl-PL\",\"@id\":\"https:\\\/\\\/sotex.net.pl\\\/#\\\/schema\\\/logo\\\/image\\\/\",\"url\":\"https:\\\/\\\/sotex.net.pl\\\/wp-content\\\/uploads\\\/2023\\\/11\\\/cropped-SOTEX-logo.png\",\"contentUrl\":\"https:\\\/\\\/sotex.net.pl\\\/wp-content\\\/uploads\\\/2023\\\/11\\\/cropped-SOTEX-logo.png\",\"width\":1919,\"height\":767,\"caption\":\"Sotex\"},\"image\":{\"@id\":\"https:\\\/\\\/sotex.net.pl\\\/#\\\/schema\\\/logo\\\/image\\\/\"},\"sameAs\":[\"https:\\\/\\\/www.facebook.com\\\/sotexhurtownia\"]}]}<\/script>\n<!-- \/ Yoast SEO plugin. -->","yoast_head_json":{"title":"Nasi dostawcy - Sotex","robots":{"index":"index","follow":"follow","max-snippet":"max-snippet:-1","max-image-preview":"max-image-preview:large","max-video-preview":"max-video-preview:-1"},"canonical":"https:\/\/sotex.net.pl\/?page_id=1727","og_locale":"pl_PL","og_type":"article","og_title":"Nasi dostawcy - Sotex","og_description":"Nasi dostawcy to renomowane firmy o uznanej pozycji na rynku: TENAX &#8211; Ekspert w dziedzinie tworzyw sztucznych, oferuj\u0105cy warto\u015bciowe produkty i us\u0142ugi. Expo-Net &#8211; Oferuje ponad 60-letnie do\u015bwiadczenie w dziedzinie zaawansowanej technologicznie produkcji siatek opakowaniowych oraz sytemu rozs\u0105czania wody deszczowej w postaci kostek Bio-Blok. Hunter &#8211; Oferuje wiod\u0105ce w bran\u017cy energooszcz\u0119dne i wodooszcz\u0119dne rozwi\u0105zania z...","og_url":"https:\/\/sotex.net.pl\/?page_id=1727","og_site_name":"Sotex","article_publisher":"https:\/\/www.facebook.com\/sotexhurtownia","article_modified_time":"2023-12-08T10:45:43+00:00","og_image":[{"url":"https:\/\/sotex.net.pl\/wp-content\/uploads\/2023\/11\/cropped-SOTEX-logo-1024x409.png","type":"","width":"","height":""}],"twitter_card":"summary_large_image","twitter_misc":{"Szacowany czas czytania":"1 minuta"},"schema":{"@context":"https:\/\/schema.org","@graph":[{"@type":"WebPage","@id":"https:\/\/sotex.net.pl\/?page_id=1727","url":"https:\/\/sotex.net.pl\/?page_id=1727","name":"Nasi dostawcy - Sotex","isPartOf":{"@id":"https:\/\/sotex.net.pl\/#website"},"primaryImageOfPage":{"@id":"https:\/\/sotex.net.pl\/?page_id=1727#primaryimage"},"image":{"@id":"https:\/\/sotex.net.pl\/?page_id=1727#primaryimage"},"thumbnailUrl":"https:\/\/sotex.net.pl\/wp-content\/uploads\/2023\/11\/cropped-SOTEX-logo-1024x409.png","datePublished":"2023-12-06T10:19:50+00:00","dateModified":"2023-12-08T10:45:43+00:00","breadcrumb":{"@id":"https:\/\/sotex.net.pl\/?page_id=1727#breadcrumb"},"inLanguage":"pl-PL","potentialAction":[{"@type":"ReadAction","target":["https:\/\/sotex.net.pl\/?page_id=1727"]}]},{"@type":"ImageObject","inLanguage":"pl-PL","@id":"https:\/\/sotex.net.pl\/?page_id=1727#primaryimage","url":"https:\/\/sotex.net.pl\/wp-content\/uploads\/2023\/11\/cropped-SOTEX-logo.png","contentUrl":"https:\/\/sotex.net.pl\/wp-content\/uploads\/2023\/11\/cropped-SOTEX-logo.png","width":1919,"height":767},{"@type":"BreadcrumbList","@id":"https:\/\/sotex.net.pl\/?page_id=1727#breadcrumb","itemListElement":[{"@type":"ListItem","position":1,"name":"Strona g\u0142\u00f3wna","item":"https:\/\/sotex.net.pl\/"},{"@type":"ListItem","position":2,"name":"Nasi dostawcy"}]},{"@type":"WebSite","@id":"https:\/\/sotex.net.pl\/#website","url":"https:\/\/sotex.net.pl\/","name":"Sotex","description":"","publisher":{"@id":"https:\/\/sotex.net.pl\/#organization"},"potentialAction":[{"@type":"SearchAction","target":{"@type":"EntryPoint","urlTemplate":"https:\/\/sotex.net.pl\/?s={search_term_string}"},"query-input":{"@type":"PropertyValueSpecification","valueRequired":true,"valueName":"search_term_string"}}],"inLanguage":"pl-PL"},{"@type":"Organization","@id":"https:\/\/sotex.net.pl\/#organization","name":"Sotex","url":"https:\/\/sotex.net.pl\/","logo":{"@type":"ImageObject","inLanguage":"pl-PL","@id":"https:\/\/sotex.net.pl\/#\/schema\/logo\/image\/","url":"https:\/\/sotex.net.pl\/wp-content\/uploads\/2023\/11\/cropped-SOTEX-logo.png","contentUrl":"https:\/\/sotex.net.pl\/wp-content\/uploads\/2023\/11\/cropped-SOTEX-logo.png","width":1919,"height":767,"caption":"Sotex"},"image":{"@id":"https:\/\/sotex.net.pl\/#\/schema\/logo\/image\/"},"sameAs":["https:\/\/www.facebook.com\/sotexhurtownia"]}]}},"_links":{"self":[{"href":"https:\/\/sotex.net.pl\/index.php?rest_route=\/wp\/v2\/pages\/1727","targetHints":{"allow":["GET"]}}],"collection":[{"href":"https:\/\/sotex.net.pl\/index.php?rest_route=\/wp\/v2\/pages"}],"about":[{"href":"https:\/\/sotex.net.pl\/index.php?rest_route=\/wp\/v2\/types\/page"}],"author":[{"embeddable":true,"href":"https:\/\/sotex.net.pl\/index.php?rest_route=\/wp\/v2\/users\/2"}],"replies":[{"embeddable":true,"href":"https:\/\/sotex.net.pl\/index.php?rest_route=%2Fwp%2Fv2%2Fcomments&post=1727"}],"version-history":[{"count":66,"href":"https:\/\/sotex.net.pl\/index.php?rest_route=\/wp\/v2\/pages\/1727\/revisions"}],"predecessor-version":[{"id":1928,"href":"https:\/\/sotex.net.pl\/index.php?rest_route=\/wp\/v2\/pages\/1727\/revisions\/1928"}],"wp:attachment":[{"href":"https:\/\/sotex.net.pl\/index.php?rest_route=%2Fwp%2Fv2%2Fmedia&parent=1727"}],"curies":[{"name":"wp","href":"https:\/\/api.w.org\/{rel}","templated":true}]}}